{"id":145,"date":"2019-02-13T11:08:28","date_gmt":"2019-02-13T08:08:28","guid":{"rendered":"http:\/\/www.platon-gruppe.de\/adlershof\/?page_id=145"},"modified":"2025-02-26T13:09:04","modified_gmt":"2025-02-26T10:09:04","slug":"satzung","status":"publish","type":"page","link":"http:\/\/www.kiezklub-rahnsdorf-ev.de\/?page_id=145","title":{"rendered":"Satzung"},"content":{"rendered":"\t\t<div data-elementor-type=\"wp-post\" data-elementor-id=\"145\" class=\"elementor elementor-145\">\n\t\t\t\t\t\t\t\t\t<section class=\"elementor-section elementor-top-section elementor-element elementor-element-81faf20 elementor-section-boxed elementor-section-height-default elementor-section-height-default\" data-id=\"81faf20\" data-element_type=\"section\">\n\t\t\t\t\t\t<div class=\"elementor-container elementor-column-gap-default\">\n\t\t\t\t\t<div class=\"elementor-column elementor-col-100 elementor-top-column elementor-element elementor-element-4752d01\" data-id=\"4752d01\" data-element_type=\"column\">\n\t\t\t<div class=\"elementor-widget-wrap elementor-element-populated\">\n\t\t\t\t\t\t\t\t<div class=\"elementor-element elementor-element-9ccfd62 elementor-widget elementor-widget-text-editor\" data-id=\"9ccfd62\" data-element_type=\"widget\" data-widget_type=\"text-editor.default\">\n\t\t\t\t<div class=\"elementor-widget-container\">\n\t\t\t\t\t\t\t<h1>aktuelle Satzung<\/h1>\t\t\t\t\t\t<\/div>\n\t\t\t\t<\/div>\n\t\t\t\t\t<\/div>\n\t\t<\/div>\n\t\t\t\t\t\t\t<\/div>\n\t\t<\/section>\n\t\t\t\t<section class=\"elementor-section elementor-top-section elementor-element elementor-element-349941d elementor-section-boxed elementor-section-height-default elementor-section-height-default\" data-id=\"349941d\" data-element_type=\"section\">\n\t\t\t\t\t\t<div class=\"elementor-container elementor-column-gap-default\">\n\t\t\t\t\t<div class=\"elementor-column elementor-col-100 elementor-top-column elementor-element elementor-element-a240502\" data-id=\"a240502\" data-element_type=\"column\">\n\t\t\t<div class=\"elementor-widget-wrap elementor-element-populated\">\n\t\t\t\t\t\t\t\t<div class=\"elementor-element elementor-element-516a7d6 elementor-widget elementor-widget-image\" data-id=\"516a7d6\" data-element_type=\"widget\" data-widget_type=\"image.default\">\n\t\t\t\t<div class=\"elementor-widget-container\">\n\t\t\t\t\t\t\t\t\t\t\t\t\t\t\t<img loading=\"lazy\" decoding=\"async\" width=\"723\" height=\"1024\" src=\"https:\/\/www.kiezklub-rahnsdorf-ev.de\/wp-content\/uploads\/2025\/02\/20241031S1-723x1024.jpg\" class=\"attachment-large size-large wp-image-1221\" alt=\"\" srcset=\"https:\/\/www.kiezklub-rahnsdorf-ev.de\/wp-content\/uploads\/2025\/02\/20241031S1-723x1024.jpg 723w, https:\/\/www.kiezklub-rahnsdorf-ev.de\/wp-content\/uploads\/2025\/02\/20241031S1-212x300.jpg 212w, https:\/\/www.kiezklub-rahnsdorf-ev.de\/wp-content\/uploads\/2025\/02\/20241031S1-768x1088.jpg 768w, https:\/\/www.kiezklub-rahnsdorf-ev.de\/wp-content\/uploads\/2025\/02\/20241031S1-1084x1536.jpg 1084w, https:\/\/www.kiezklub-rahnsdorf-ev.de\/wp-content\/uploads\/2025\/02\/20241031S1.jpg 1416w\" sizes=\"auto, (max-width: 723px) 100vw, 723px\" \/>\t\t\t\t\t\t\t\t\t\t\t\t\t\t\t<\/div>\n\t\t\t\t<\/div>\n\t\t\t\t\t<\/div>\n\t\t<\/div>\n\t\t\t\t\t\t\t<\/div>\n\t\t<\/section>\n\t\t\t\t<section class=\"elementor-section elementor-top-section elementor-element elementor-element-c1d24e2 elementor-section-boxed elementor-section-height-default elementor-section-height-default\" data-id=\"c1d24e2\" data-element_type=\"section\">\n\t\t\t\t\t\t<div class=\"elementor-container elementor-column-gap-default\">\n\t\t\t\t\t<div class=\"elementor-column elementor-col-100 elementor-top-column elementor-element elementor-element-488f7de\" data-id=\"488f7de\" data-element_type=\"column\">\n\t\t\t<div class=\"elementor-widget-wrap elementor-element-populated\">\n\t\t\t\t\t\t\t\t<div class=\"elementor-element elementor-element-52a13b2 elementor-widget elementor-widget-image\" data-id=\"52a13b2\" data-element_type=\"widget\" data-widget_type=\"image.default\">\n\t\t\t\t<div class=\"elementor-widget-container\">\n\t\t\t\t\t\t\t\t\t\t\t\t\t\t\t<img loading=\"lazy\" decoding=\"async\" width=\"736\" height=\"1024\" src=\"https:\/\/www.kiezklub-rahnsdorf-ev.de\/wp-content\/uploads\/2025\/02\/20241031S2-736x1024.jpg\" class=\"attachment-large size-large wp-image-1222\" alt=\"\" srcset=\"https:\/\/www.kiezklub-rahnsdorf-ev.de\/wp-content\/uploads\/2025\/02\/20241031S2-736x1024.jpg 736w, https:\/\/www.kiezklub-rahnsdorf-ev.de\/wp-content\/uploads\/2025\/02\/20241031S2-215x300.jpg 215w, https:\/\/www.kiezklub-rahnsdorf-ev.de\/wp-content\/uploads\/2025\/02\/20241031S2-768x1069.jpg 768w, https:\/\/www.kiezklub-rahnsdorf-ev.de\/wp-content\/uploads\/2025\/02\/20241031S2-1103x1536.jpg 1103w, https:\/\/www.kiezklub-rahnsdorf-ev.de\/wp-content\/uploads\/2025\/02\/20241031S2.jpg 1349w\" sizes=\"auto, (max-width: 736px) 100vw, 736px\" \/>\t\t\t\t\t\t\t\t\t\t\t\t\t\t\t<\/div>\n\t\t\t\t<\/div>\n\t\t\t\t\t<\/div>\n\t\t<\/div>\n\t\t\t\t\t\t\t<\/div>\n\t\t<\/section>\n\t\t\t\t<section class=\"elementor-section elementor-top-section elementor-element elementor-element-fca918f elementor-section-boxed elementor-section-height-default elementor-section-height-default\" data-id=\"fca918f\" data-element_type=\"section\">\n\t\t\t\t\t\t<div class=\"elementor-container elementor-column-gap-default\">\n\t\t\t\t\t<div class=\"elementor-column elementor-col-100 elementor-top-column elementor-element elementor-element-d265344\" data-id=\"d265344\" data-element_type=\"column\">\n\t\t\t<div class=\"elementor-widget-wrap elementor-element-populated\">\n\t\t\t\t\t\t\t\t<div class=\"elementor-element elementor-element-8f91060 elementor-widget elementor-widget-image\" data-id=\"8f91060\" data-element_type=\"widget\" data-widget_type=\"image.default\">\n\t\t\t\t<div class=\"elementor-widget-container\">\n\t\t\t\t\t\t\t\t\t\t\t\t\t\t\t<img loading=\"lazy\" decoding=\"async\" width=\"727\" height=\"1024\" src=\"https:\/\/www.kiezklub-rahnsdorf-ev.de\/wp-content\/uploads\/2025\/02\/20241031S3-727x1024.jpg\" class=\"attachment-large size-large wp-image-1223\" alt=\"\" srcset=\"https:\/\/www.kiezklub-rahnsdorf-ev.de\/wp-content\/uploads\/2025\/02\/20241031S3-727x1024.jpg 727w, https:\/\/www.kiezklub-rahnsdorf-ev.de\/wp-content\/uploads\/2025\/02\/20241031S3-213x300.jpg 213w, https:\/\/www.kiezklub-rahnsdorf-ev.de\/wp-content\/uploads\/2025\/02\/20241031S3-768x1082.jpg 768w, https:\/\/www.kiezklub-rahnsdorf-ev.de\/wp-content\/uploads\/2025\/02\/20241031S3-1090x1536.jpg 1090w, https:\/\/www.kiezklub-rahnsdorf-ev.de\/wp-content\/uploads\/2025\/02\/20241031S3.jpg 1343w\" sizes=\"auto, (max-width: 727px) 100vw, 727px\" \/>\t\t\t\t\t\t\t\t\t\t\t\t\t\t\t<\/div>\n\t\t\t\t<\/div>\n\t\t\t\t\t<\/div>\n\t\t<\/div>\n\t\t\t\t\t\t\t<\/div>\n\t\t<\/section>\n\t\t\t\t<section class=\"elementor-section elementor-top-section elementor-element elementor-element-754e804 elementor-section-boxed elementor-section-height-default elementor-section-height-default\" data-id=\"754e804\" data-element_type=\"section\">\n\t\t\t\t\t\t<div class=\"elementor-container elementor-column-gap-default\">\n\t\t\t\t\t<div class=\"elementor-column elementor-col-100 elementor-top-column elementor-element elementor-element-4943a14\" data-id=\"4943a14\" data-element_type=\"column\">\n\t\t\t<div class=\"elementor-widget-wrap elementor-element-populated\">\n\t\t\t\t\t\t\t\t<div class=\"elementor-element elementor-element-11fc6f6 elementor-widget elementor-widget-image\" data-id=\"11fc6f6\" data-element_type=\"widget\" data-widget_type=\"image.default\">\n\t\t\t\t<div class=\"elementor-widget-container\">\n\t\t\t\t\t\t\t\t\t\t\t\t\t\t\t<img loading=\"lazy\" decoding=\"async\" width=\"952\" height=\"1024\" src=\"https:\/\/www.kiezklub-rahnsdorf-ev.de\/wp-content\/uploads\/2025\/02\/20241031S4-952x1024.jpg\" class=\"attachment-large size-large wp-image-1224\" alt=\"\" srcset=\"https:\/\/www.kiezklub-rahnsdorf-ev.de\/wp-content\/uploads\/2025\/02\/20241031S4-952x1024.jpg 952w, https:\/\/www.kiezklub-rahnsdorf-ev.de\/wp-content\/uploads\/2025\/02\/20241031S4-279x300.jpg 279w, https:\/\/www.kiezklub-rahnsdorf-ev.de\/wp-content\/uploads\/2025\/02\/20241031S4-768x826.jpg 768w, https:\/\/www.kiezklub-rahnsdorf-ev.de\/wp-content\/uploads\/2025\/02\/20241031S4.jpg 1400w\" sizes=\"auto, (max-width: 952px) 100vw, 952px\" \/>\t\t\t\t\t\t\t\t\t\t\t\t\t\t\t<\/div>\n\t\t\t\t<\/div>\n\t\t\t\t\t<\/div>\n\t\t<\/div>\n\t\t\t\t\t\t\t<\/div>\n\t\t<\/section>\n\t\t\t\t<section class=\"elementor-section elementor-top-section elementor-element elementor-element-2e81804 elementor-section-boxed elementor-section-height-default elementor-section-height-default\" data-id=\"2e81804\" data-element_type=\"section\">\n\t\t\t\t\t\t<div class=\"elementor-container elementor-column-gap-default\">\n\t\t\t\t\t<div class=\"elementor-column elementor-col-100 elementor-top-column elementor-element elementor-element-7d9e44c\" data-id=\"7d9e44c\" data-element_type=\"column\">\n\t\t\t<div class=\"elementor-widget-wrap elementor-element-populated\">\n\t\t\t\t\t\t\t\t<div class=\"elementor-element elementor-element-d75be70 elementor-widget elementor-widget-text-editor\" data-id=\"d75be70\" data-element_type=\"widget\" data-widget_type=\"text-editor.default\">\n\t\t\t\t<div class=\"elementor-widget-container\">\n\t\t\t\t\t\t\t<p>\u00a0<\/p><h1><strong>Datenschutzordnung<\/strong><\/h1><h3>Der F\u00f6rderverein, vertreten durch den Vorstand, ist im Sinne der EU-Datenschutz-grundordnung (EU-DGVO) verantwortlich f\u00fcr den Schutz der Daten seiner Mitglieder.<\/h3><h3>Den rechtlichen Rahmen daf\u00fcr bilden das Bundesdatenschutzgesetz (BDSG) und das Telemedien Gesetz (TMG).<\/h3><h3>Mit dem Eintritt in den Verein werden die folgenden personenbezogenen Daten erfasst:<\/h3><h3>Name, Vorname, Adresse, Telefonnummer und\/der E-Mail-Adresse, Mitgliedbeitrag, Datum des Eintritts und zum gegebenen Zeitpunkt Datum des Ausscheidens.<\/h3><h3>Es gilt die Verpflichtung, mit personenbezogenen Daten sorgsam umzugehen und sie ausschlie\u00dflich f\u00fcr die F\u00f6rderung der Vereinszwecke, zur Verwaltung und zur Betreuung der Mitglieder zu verwenden und nicht weiterzugeben.<\/h3><h3>Personenbezogene Daten werden nur dann erhoben, genutzt und verarbeitet, wenn die betreffende Person in die Datenerhebung und \u2013verarbeitung einwilligt.<\/h3><h3>Es besteht das Recht, auf Antrag unentgeltlich eine Auskunft \u00fcber die gespeicherten Daten anzufordern und\/oder eine Berichtigung, Sperrung oder L\u00f6schung zu verlangen. Ausnahmen begr\u00fcnden sich in gesetzlichen Vorschriften zu vorgeschriebener Datenspeicherung und\/oder Aufbewahrungspflichten.<\/h3><h3>Das f\u00fcr die Mitglieder- und\/oder Beitragsverwaltung zust\u00e4ndige Vorstandsmitglied unterzeichnet eine Verpflichtungserkl\u00e4rung zum Umgang mit personenbezogenen Daten.<\/h3><h3>Scheidet ein f\u00fcr die Verarbeitung personenbezogener Daten zust\u00e4ndiges Vorstandsmitglied aus, sind alle Dateien und entsprechende Unterlagen\/Dokumente vollst\u00e4ndig zu \u00fcbergeben.<\/h3><h3>Die unterschriebene Verpflichtungserkl\u00e4rung gilt auch nach Ausscheiden weiter.<\/h3><h3>Die personenbezogenen Daten werden bis zwei Jahre nach Beendigung der Mitgliedschaft und der Nachweis \u00fcber die gezahlten Mitgliedsbeitr\u00e4ge gem\u00e4\u00df gesetzlicher Vorschriften<\/h3><h3>10 Jahre aufbewahrt.<\/h3><h3>Bei Nutzung der Webseiten des Vereins gilt die darin ver\u00f6ffentlichte Datenschutzerkl\u00e4rung.<\/h3><h3>Ver\u00f6ffentlichungen in Presse\/Medien oder auf den Webseiten des Vereins (auch Fotos von Veranstaltungen) in personenbezogener Form erfolgen nur bei Ereignissen im \u00f6ffentlichen Interesse und mit Einwilligung der betreffenden Vereinsmitglieder.<\/h3><h3>Vor \u00f6ffentlicher \u00a0Bekanntgabe von Spenden und Spendernamen von Vereinsmitgliedern oder externer Spender\/Sponsoren ist eine Einverst\u00e4ndniserkl\u00e4rung einzuholen.<\/h3><h3>Das beigef\u00fcgte \u201eVerzeichnis der Verarbeitungst\u00e4tigkeiten\u201c ist Bestandteil dieser Datenschutzordnung.<\/h3><h3>Beschluss des Vorstandes vom 24.07. 2018\u00a0\u00a0\u00a0\u00a0\u00a0\u00a0\u00a0\u00a0\u00a0\u00a0\u00a0\u00a0\u00a0\u00a0\u00a0\u00a0\u00a0\u00a0\u00a0\u00a0\u00a0\u00a0\u00a0\u00a0\u00a0\u00a0\u00a0\u00a0\u00a0\u00a0\u00a0 Monika Meng, 1.Vorsitzende<\/h3><h3>\u00a0 \u00a0 \u00a0 \u00a0 \u00a0<\/h3>\t\t\t\t\t\t<\/div>\n\t\t\t\t<\/div>\n\t\t\t\t\t<\/div>\n\t\t<\/div>\n\t\t\t\t\t\t\t<\/div>\n\t\t<\/section>\n\t\t\t\t\t\t\t<\/div>\n\t\t","protected":false},"excerpt":{"rendered":"<p>aktuelle Satzung \u00a0 Datenschutzordnung Der F\u00f6rderverein, vertreten durch den Vorstand, ist im Sinne der EU-Datenschutz-grundordnung (EU-DGVO) verantwortlich f\u00fcr den Schutz der Daten seiner Mitglieder. Den rechtlichen Rahmen daf\u00fcr bilden das Bundesdatenschutzgesetz (BDSG) und das Telemedien Gesetz (TMG). Mit dem Eintritt in den Verein werden die folgenden personenbezogenen Daten erfasst: Name, Vorname, Adresse, Telefonnummer und\/der E-Mail-Adresse, [&hellip;]<\/p>\n","protected":false},"author":1,"featured_media":0,"parent":0,"menu_order":0,"comment_status":"closed","ping_status":"closed","template":"","meta":{"footnotes":""},"class_list":["post-145","page","type-page","status-publish","hentry","entry"],"_links":{"self":[{"href":"http:\/\/www.kiezklub-rahnsdorf-ev.de\/index.php?rest_route=\/wp\/v2\/pages\/145","targetHints":{"allow":["GET"]}}],"collection":[{"href":"http:\/\/www.kiezklub-rahnsdorf-ev.de\/index.php?rest_route=\/wp\/v2\/pages"}],"about":[{"href":"http:\/\/www.kiezklub-rahnsdorf-ev.de\/index.php?rest_route=\/wp\/v2\/types\/page"}],"author":[{"embeddable":true,"href":"http:\/\/www.kiezklub-rahnsdorf-ev.de\/index.php?rest_route=\/wp\/v2\/users\/1"}],"replies":[{"embeddable":true,"href":"http:\/\/www.kiezklub-rahnsdorf-ev.de\/index.php?rest_route=%2Fwp%2Fv2%2Fcomments&post=145"}],"version-history":[{"count":19,"href":"http:\/\/www.kiezklub-rahnsdorf-ev.de\/index.php?rest_route=\/wp\/v2\/pages\/145\/revisions"}],"predecessor-version":[{"id":1227,"href":"http:\/\/www.kiezklub-rahnsdorf-ev.de\/index.php?rest_route=\/wp\/v2\/pages\/145\/revisions\/1227"}],"wp:attachment":[{"href":"http:\/\/www.kiezklub-rahnsdorf-ev.de\/index.php?rest_route=%2Fwp%2Fv2%2Fmedia&parent=145"}],"curies":[{"name":"wp","href":"https:\/\/api.w.org\/{rel}","templated":true}]}}