{"id":16,"date":"2019-02-12T12:50:23","date_gmt":"2019-02-12T09:50:23","guid":{"rendered":"http:\/\/www.platon-gruppe.de\/adlershof\/?page_id=16"},"modified":"2024-01-18T11:24:23","modified_gmt":"2024-01-18T08:24:23","slug":"datenschutz","status":"publish","type":"page","link":"http:\/\/www.kiezklub-rahnsdorf-ev.de\/?page_id=16","title":{"rendered":"Datenschutz"},"content":{"rendered":"\t\t<div data-elementor-type=\"wp-post\" data-elementor-id=\"16\" class=\"elementor elementor-16\">\n\t\t\t\t\t\t\t\t\t<section class=\"elementor-section elementor-top-section elementor-element elementor-element-4654ded elementor-section-boxed elementor-section-height-default elementor-section-height-default\" data-id=\"4654ded\" data-element_type=\"section\">\n\t\t\t\t\t\t<div class=\"elementor-container elementor-column-gap-default\">\n\t\t\t\t\t<div class=\"elementor-column elementor-col-100 elementor-top-column elementor-element elementor-element-fe12ac6\" data-id=\"fe12ac6\" data-element_type=\"column\">\n\t\t\t<div class=\"elementor-widget-wrap elementor-element-populated\">\n\t\t\t\t\t\t\t\t<div class=\"elementor-element elementor-element-50fa4dd elementor-widget elementor-widget-text-editor\" data-id=\"50fa4dd\" data-element_type=\"widget\" data-widget_type=\"text-editor.default\">\n\t\t\t\t<div class=\"elementor-widget-container\">\n\t\t\t\t\t\t\t<table width=\"800\"><tbody><tr><td valign=\"top\"><h1><span style=\"font-size: medium; color: #000000;\">Anbieter und Verantwortlicher im Sinne der EU-Datenschutzgrundverordnung (EU-DSGVO) ist der F\u00f6rderverein Kiezklub Rahnsdorf e.V.<\/span><\/h1><h4><span style=\"color: #000000;\">Geltungsbereich<\/span><br \/><span style=\"color: #000000;\">Sie als Nutzer erhalten mit dieser Datenschutzerkl\u00e4rung Informationen \u00fcber die Art, den Umfang und den Zweck der Erhebung und Verwendung Ihrer Daten durch den verantwortlichen Anbieter.<\/span><br \/><span style=\"color: #000000;\">Den rechtlichen Rahmen f\u00fcr den Datenschutz bilden das Bundesdatenschutzgesetz (BDSG) und das Telemediengesetz (TMG).<\/span><\/h4><h4><span style=\"color: #000000;\">Erfassung allgemeiner Informationen<\/span><br \/><span style=\"color: #000000;\">Mit jedem Zugriff auf unser Internet-Angebot werden durch uns bzw. unseren Provider automatisch Informationen erfasst. Diese Informationen, auch als Server-Logfiles bezeichnet, sind allgemeiner Natur und erlauben keine R\u00fcckschl\u00fcsse auf Ihre Person.<\/span><br \/><span style=\"color: #000000;\">Erfasst werden unter anderem: Name der Webseite, Datei, Datum, Datenmenge, Webbrauser und Webbrauser-Version, Betriebssystem, der Domainname Ihres Internet-Providers, die sogenannte Referrer URL (jene Seite, von der aus Sie auf unserer Internetangebot zugegriffen haben) und die IP-Adresse.<\/span><br \/><span style=\"color: #000000;\">Ohne diese Daten w\u00e4re es technisch teils nicht m\u00f6glich, die Inhalte der Webseite auszuliefern und darzustellen. Insofern ist die Erfassung der bezeichneten Daten zwingend notwendig. Dar\u00fcber hinaus verwenden wir die anonymen Informationen f\u00fcr statistische Zwecke. Sie helfen uns bei der Optimierung des Angebots und der Technik. Wir behalten uns das Recht vor, die Log-Files bei Verdacht auf eine rechtswidrige Nutzung unseres Angebots nachtr\u00e4glich zu kontrollieren.<\/span><\/h4><h4><span style=\"color: #000000;\">Diese Website verwendet sogenannte Cookies.<\/span><br \/><span style=\"color: #000000;\">Cookies sind Textdateien, die vom Server aus auf Ihrem Rechner gespeichert werden. Sie erhalten Informationen zum Browser, zur IP-Adresse, dem Betriebssystem und zur Internetverbindung.<\/span><br \/><span style=\"color: #000000;\">Diese Daten werden von uns nicht an Dritte weitergegeben oder ohne Ihre Zustimmung mit personenbezogenen Daten verkn\u00fcpft.<\/span><br \/><span style=\"color: #000000;\">Cookies erf\u00fcllen vor allem zwei Aufgaben. Sie helfen dabei, Ihnen die Navigation durch unser Angebot zu erleichtern und erm\u00f6glichen die korrekte Darstellung der Webseite. Sie werden nicht dazu genutzt, Viren einzuschleusen oder Programme zu starten.<\/span><br \/><span style=\"color: #000000;\">Nutzer haben die M\u00f6glichkeit, unsere Webseite auch ohne Cookies aufzurufen. Dazu m\u00fcssen in Ihrem Browser die entsprechenden Einstellungen ge\u00e4ndert werden.<\/span><br \/><span style=\"color: #000000;\">Informieren Sie sich bitte \u00fcber die Hilfsfunktion Ihres Browsers, wie Cookies deaktiviert werden. Wir weisen allerdings darauf hin, dass dadurch einige Funktionen unserer Webseite m\u00f6glicherweise beeintr\u00e4chtigt werden und der Nutzungskomfort eingeschr\u00e4nkt wird.<\/span><br \/><span style=\"color: #000000;\">Die Seiten http:\/\/www.aboutads.info\/choises\/ (USA) und http:\/\/www.youronlinechoices.com\/uk\/your-ad-choices\/ (Europa) erlauben es Ihnen, Online-Anzeigen-Cookies zu verwalten.<\/span><\/h4><h4><span style=\"color: #000000;\">Unser Internetangebot verlinkt nicht auf Webseiten anderer Anbieter. Plugins sozialer Netzwerke sind nicht integriert.\u00a0<\/span><\/h4><h4><span style=\"color: #000000;\">Erfassung und Verarbeitung personenbezogener Daten<\/span><br \/><span style=\"color: #000000;\">Als personenbezogene Daten gelten s\u00e4mtliche Informationen, die dazu dienen, Ihre Person zu bestimmen und die zu Ihrer Person zur\u00fcckverfolgt werden k\u00f6nnen.<\/span><\/h4><h4><span style=\"color: #000000;\">Wir erheben, nutzen und geben ihre personenbezogenen Daten nur dann weiter, wenn dies im gesetzlich Rahmen erlaubt ist oder Sie in die Datenerhebung und -verarbeitung einwilligen.<\/span><\/h4><h4><span style=\"color: #000000;\">Bei Fragen jeglicher Art haben Sie die M\u00f6glichkeit, mit uns \u00fcber eine auf der Webseite bereitgestellte E-Mail-Adresse Kontakt aufzunehmen.\u00a0<\/span><br \/><span style=\"color: #000000;\">Nehmen Sie mit uns Kontakt durch die angebotene M\u00f6glichkeit auf, werden Ihre Angaben, Ihr Name, Ihre E-Mail-Adresse und die Inhaltsangabe aus dem Kontaktformular, gespeichert, damit auf diese zur Bearbeitung Ihrer Anfrage zur\u00fcckgegriffen werden kann. Ohne Ihre Einwilligung werden Ihre Daten nicht an Dritte weitergegeben.<\/span><br \/><span style=\"color: #000000;\">Die von uns auf der Grundlage des E-Mail-Kontaktes erhobenen pers\u00f6nlichen Daten werden nach Erledigung der von Ihnen gestellten Anfragen automatisch gel\u00f6scht.<\/span><br \/><span style=\"color: #000000;\">Die Datenverarbeitung zum Zwecke der Kontaktaufnahme mit uns erfolgt nach Art.6 Abs.1, S.1 lit. a DSGVO auf der Grundlage Ihrer freiwillig erteilten Einwilligung.<\/span><\/h4><h4><span style=\"color: #000000;\">Rechte auf Auskunft, Berichtigung, Sperre, L\u00f6schung und Widerspruch<\/span><br \/><span style=\"color: #000000;\">Sie haben das Recht, auf Antrag unentgeltlich eine Auskunft \u00fcber die bei uns gespeicherten personenbezogenen Daten anzufordern und\/oder eine Berichtigung, Sperrung oder L\u00f6schung zu verlangen.<\/span><br \/><span style=\"color: #000000;\">Ausnahmen begr\u00fcnden sich in gesetzlichen Vorschriften zu vorgeschriebener Datenspeicherung und\/oder Aufbewahrungspflichten.<\/span><\/h4><h4><span style=\"color: #000000;\">Schlussbestimmungen<\/span><br \/><span style=\"color: #000000;\">Mit der Nutzung dieser Webseite erkl\u00e4ren Sie sich mit der Datenschutzerkl\u00e4rung einverstanden.\u00a0<\/span><br \/><span style=\"color: #000000;\">Wir als Webseitenbetreiber nehmen den Schutz Ihrer Daten sehr ernst, behandeln Ihre personenbezogenen Daten vertraulich und entsprechend der gesetzlichen Vorschriften.\u00a0<\/span><br \/><span style=\"color: #000000;\">Da durch neue Technologien und die st\u00e4ndige Weiterentwicklung dieser Webseite \u00c4nderungen auch an der vorliegenden Datenschutzerkl\u00e4rung vorgenommen werden k\u00f6nnen, empfehlen wir Ihnen, sich die Datenschutzerkl\u00e4rung in regelm\u00e4\u00dfigen Abst\u00e4nden wieder durchzulesen.<\/span><\/h4><h4>WEBANALYSE<\/h4><h4>Diese Webseite nutzt einen Webanalysedienst des folgenden Anbieters: InnoCraft Ltd., 150 Willis St, 6011 Wellington, Neuseeland, (\u201eMatomo\u201c)<\/h4><h4>Zum Schutz der Seitenbesucher verwendet Matomo eine sog. &#8222;config_id&#8220;, um verschiede Analysen der Seitennutzung innerhalb eines kurzen Zeitfensters von bis zu 24 Stunden zu erm\u00f6glichen. Die &#8222;config_id&#8220; des Seiten ist ein zuf\u00e4llig gesetzter, zeitlich begrenzter Hash einer begrenzten Menge von Einstellungen und Attributen des Besuchers. Die config_id oder der config-Hash ist eine Zeichenkette, die f\u00fcr einen Besucher auf der Grundlage seines Betriebssystems, seines Browsers, seiner Browser-Plugins, seiner IP-Adresse und seiner Browsersprache berechnet wird. Matomo verwendet kein Device Fingerprinting und verwendet f\u00fcr die Erstellung der &#8222;config_id&#8220; eine anonymisierte IP-Adresse des Seitenbesuchers.<\/h4><h4>Sofern die so verarbeiteten Informationen personenbezogene Nutzerdaten umfassen, erfolgt die Verarbeitung gem\u00e4\u00df Art. 6 Abs. 1 lit. f DSGVO auf Basis unseres berechtigten Interesses an der statistischen Analyse des Nutzerverhaltens zu Optimierungs- und Marketingzwecken. Um einer Datenverarbeitung Ihrer Besucherdaten f\u00fcr die Zukunft zu widersprechen, stellen wir Ihnen eine gesonderte Widerspruchsm\u00f6glichkeit auf unserer Website bereit.<\/h4><h4>Sofern mit der Matomo-Technologie erhobene Daten (einschlie\u00dflich Ihrer pseudonymisierten IP-Adresse) auf Servern von Matomo in Neuseeland \u00fcbertragen und zu Nutzungsanalysezwecken verarbeitet werden, teilen wir mit, dass die Europ\u00e4ische Kommission f\u00fcr Neuseeland einen sog. Angemessenheitsbeschluss erlassen hat, der die Einhaltung europ\u00e4ischer Datenschutzstandards bei internationalen Datentransfers attestiert.<\/h4><h4>Sofern Daten auch an Server des Anbieters \u00fcbertragen werden und der Webanalysedienst nicht lokal auf unserem Server installiert wurde, haben wir mit dem Anbieter einen Auftragsverarbeitungsvertrag geschlossen, der den Schutz der Daten unserer Seitenbesucher sicherstellt und eine unberechtigte Weitergabe an Dritte untersagt.<\/h4><\/td><\/tr><\/tbody><\/table><h4>\u00a0<\/h4>\t\t\t\t\t\t<\/div>\n\t\t\t\t<\/div>\n\t\t\t\t\t<\/div>\n\t\t<\/div>\n\t\t\t\t\t\t\t<\/div>\n\t\t<\/section>\n\t\t\t\t\t\t\t<\/div>\n\t\t","protected":false},"excerpt":{"rendered":"<p>Anbieter und Verantwortlicher im Sinne der EU-Datenschutzgrundverordnung (EU-DSGVO) ist der F\u00f6rderverein Kiezklub Rahnsdorf e.V. GeltungsbereichSie als Nutzer erhalten mit dieser Datenschutzerkl\u00e4rung Informationen \u00fcber die Art, den Umfang und den Zweck der Erhebung und Verwendung Ihrer Daten durch den verantwortlichen Anbieter.Den rechtlichen Rahmen f\u00fcr den Datenschutz bilden das Bundesdatenschutzgesetz (BDSG) und das Telemediengesetz (TMG). Erfassung allgemeiner [&hellip;]<\/p>\n","protected":false},"author":1,"featured_media":0,"parent":0,"menu_order":0,"comment_status":"closed","ping_status":"closed","template":"","meta":{"footnotes":""},"class_list":["post-16","page","type-page","status-publish","hentry","entry"],"_links":{"self":[{"href":"http:\/\/www.kiezklub-rahnsdorf-ev.de\/index.php?rest_route=\/wp\/v2\/pages\/16","targetHints":{"allow":["GET"]}}],"collection":[{"href":"http:\/\/www.kiezklub-rahnsdorf-ev.de\/index.php?rest_route=\/wp\/v2\/pages"}],"about":[{"href":"http:\/\/www.kiezklub-rahnsdorf-ev.de\/index.php?rest_route=\/wp\/v2\/types\/page"}],"author":[{"embeddable":true,"href":"http:\/\/www.kiezklub-rahnsdorf-ev.de\/index.php?rest_route=\/wp\/v2\/users\/1"}],"replies":[{"embeddable":true,"href":"http:\/\/www.kiezklub-rahnsdorf-ev.de\/index.php?rest_route=%2Fwp%2Fv2%2Fcomments&post=16"}],"version-history":[{"count":13,"href":"http:\/\/www.kiezklub-rahnsdorf-ev.de\/index.php?rest_route=\/wp\/v2\/pages\/16\/revisions"}],"predecessor-version":[{"id":973,"href":"http:\/\/www.kiezklub-rahnsdorf-ev.de\/index.php?rest_route=\/wp\/v2\/pages\/16\/revisions\/973"}],"wp:attachment":[{"href":"http:\/\/www.kiezklub-rahnsdorf-ev.de\/index.php?rest_route=%2Fwp%2Fv2%2Fmedia&parent=16"}],"curies":[{"name":"wp","href":"https:\/\/api.w.org\/{rel}","templated":true}]}}