{"id":12,"date":"2019-02-12T12:49:10","date_gmt":"2019-02-12T09:49:10","guid":{"rendered":"http:\/\/www.platon-gruppe.de\/adlershof\/?page_id=12"},"modified":"2026-03-30T09:35:34","modified_gmt":"2026-03-30T06:35:34","slug":"veranstaltungen","status":"publish","type":"page","link":"https:\/\/www.kiezklub-rahnsdorf-ev.de\/?page_id=12","title":{"rendered":"Veranstaltungen"},"content":{"rendered":"\t\t<div data-elementor-type=\"wp-post\" data-elementor-id=\"12\" class=\"elementor elementor-12\">\n\t\t\t\t\t\t\t\t\t<section class=\"elementor-section elementor-top-section elementor-element elementor-element-8676f1b elementor-section-boxed elementor-section-height-default elementor-section-height-default\" data-id=\"8676f1b\" data-element_type=\"section\">\n\t\t\t\t\t\t<div class=\"elementor-container elementor-column-gap-default\">\n\t\t\t\t\t<div class=\"elementor-column elementor-col-100 elementor-top-column elementor-element elementor-element-043e5dc\" data-id=\"043e5dc\" data-element_type=\"column\">\n\t\t\t<div class=\"elementor-widget-wrap elementor-element-populated\">\n\t\t\t\t\t\t\t\t<div class=\"elementor-element elementor-element-9ac968a elementor-widget elementor-widget-text-editor\" data-id=\"9ac968a\" data-element_type=\"widget\" data-widget_type=\"text-editor.default\">\n\t\t\t\t<div class=\"elementor-widget-container\">\n\t\t\t\t\t\t\t<h2>Freitag, 10.4.2026 um 18.00 Uhr<\/h2><h2>Lob der Kartoffel\u00a0 \u00a0<span class=\"c-rich_content-content\"><span class=\"c-rich_content-content\">&#8222;Der Gipfel meines Entz\u00fcckens&#8220;<\/span><\/span><\/h2>\t\t\t\t\t\t<\/div>\n\t\t\t\t<\/div>\n\t\t\t\t\t<\/div>\n\t\t<\/div>\n\t\t\t\t\t\t\t<\/div>\n\t\t<\/section>\n\t\t\t\t<section class=\"elementor-section elementor-top-section elementor-element elementor-element-237499b elementor-section-boxed elementor-section-height-default elementor-section-height-default\" data-id=\"237499b\" data-element_type=\"section\">\n\t\t\t\t\t\t<div class=\"elementor-container elementor-column-gap-default\">\n\t\t\t\t\t<div class=\"elementor-column elementor-col-50 elementor-top-column elementor-element elementor-element-3673a39\" data-id=\"3673a39\" data-element_type=\"column\">\n\t\t\t<div class=\"elementor-widget-wrap elementor-element-populated\">\n\t\t\t\t\t\t\t\t<div class=\"elementor-element elementor-element-84bb65d elementor-widget elementor-widget-text-editor\" data-id=\"84bb65d\" data-element_type=\"widget\" data-widget_type=\"text-editor.default\">\n\t\t\t\t<div class=\"elementor-widget-container\">\n\t\t\t\t\t\t\t<h3><span class=\"c-rich_content-content\">Literarisch-Musikalische Veranstaltung mit Antje Schneider, Maria Stoll und Simon Weinert \u00fcber Geschichte, Gedichte und Geschichten rund um die braune Knolle mit passender Klaviermusik und Texten von Busch \u00fcber Neruda bis Ringelnatz.<\/span><\/h3><h3><span class=\"c-rich_content-content\"><br \/>Eintritt 7 Euro<\/span><\/h3><h3><span class=\"c-rich_content-content\"><br \/>eine Veranstaltung des F\u00f6rdervereins KIEZKLUB Rahnsdorf e.V.<\/span><\/h3>\t\t\t\t\t\t<\/div>\n\t\t\t\t<\/div>\n\t\t\t\t\t<\/div>\n\t\t<\/div>\n\t\t\t\t<div class=\"elementor-column elementor-col-50 elementor-top-column elementor-element elementor-element-4369fb4\" data-id=\"4369fb4\" data-element_type=\"column\">\n\t\t\t<div class=\"elementor-widget-wrap elementor-element-populated\">\n\t\t\t\t\t\t\t\t<div class=\"elementor-element elementor-element-9f81013 elementor-widget elementor-widget-image\" data-id=\"9f81013\" data-element_type=\"widget\" data-widget_type=\"image.default\">\n\t\t\t\t<div class=\"elementor-widget-container\">\n\t\t\t\t\t\t\t\t\t\t\t\t\t\t\t<img loading=\"lazy\" decoding=\"async\" width=\"1024\" height=\"768\" src=\"https:\/\/www.kiezklub-rahnsdorf-ev.de\/wp-content\/uploads\/2025\/04\/IMG_8023-1024x768.jpg\" class=\"attachment-large size-large wp-image-1249\" alt=\"\" srcset=\"https:\/\/www.kiezklub-rahnsdorf-ev.de\/wp-content\/uploads\/2025\/04\/IMG_8023-1024x768.jpg 1024w, https:\/\/www.kiezklub-rahnsdorf-ev.de\/wp-content\/uploads\/2025\/04\/IMG_8023-300x225.jpg 300w, https:\/\/www.kiezklub-rahnsdorf-ev.de\/wp-content\/uploads\/2025\/04\/IMG_8023-768x576.jpg 768w, https:\/\/www.kiezklub-rahnsdorf-ev.de\/wp-content\/uploads\/2025\/04\/IMG_8023-1536x1152.jpg 1536w, https:\/\/www.kiezklub-rahnsdorf-ev.de\/wp-content\/uploads\/2025\/04\/IMG_8023.jpg 2016w\" sizes=\"auto, (max-width: 1024px) 100vw, 1024px\" \/>\t\t\t\t\t\t\t\t\t\t\t\t\t\t\t<\/div>\n\t\t\t\t<\/div>\n\t\t\t\t\t<\/div>\n\t\t<\/div>\n\t\t\t\t\t\t\t<\/div>\n\t\t<\/section>\n\t\t\t\t<section class=\"elementor-section elementor-top-section elementor-element elementor-element-1bb354d elementor-section-boxed elementor-section-height-default elementor-section-height-default\" data-id=\"1bb354d\" data-element_type=\"section\">\n\t\t\t\t\t\t<div class=\"elementor-container elementor-column-gap-default\">\n\t\t\t\t\t<div class=\"elementor-column elementor-col-100 elementor-top-column elementor-element elementor-element-6476a3e\" data-id=\"6476a3e\" data-element_type=\"column\">\n\t\t\t<div class=\"elementor-widget-wrap elementor-element-populated\">\n\t\t\t\t\t\t\t\t<div class=\"elementor-element elementor-element-afc2e1d elementor-widget elementor-widget-text-editor\" data-id=\"afc2e1d\" data-element_type=\"widget\" data-widget_type=\"text-editor.default\">\n\t\t\t\t<div class=\"elementor-widget-container\">\n\t\t\t\t\t\t\t<h2>\u00a0<\/h2><h2>Hier sind\u00a0 Veranstaltungen aufgef\u00fchrt, die vom F\u00f6rderverein KIEZKLUB Rahnsdorf e.V. organisiert bzw. unterst\u00fctzt werden.<\/h2>\t\t\t\t\t\t<\/div>\n\t\t\t\t<\/div>\n\t\t\t\t\t<\/div>\n\t\t<\/div>\n\t\t\t\t\t\t\t<\/div>\n\t\t<\/section>\n\t\t\t\t<section class=\"elementor-section elementor-top-section elementor-element elementor-element-eca88ae elementor-section-boxed elementor-section-height-default elementor-section-height-default\" data-id=\"eca88ae\" data-element_type=\"section\">\n\t\t\t\t\t\t<div class=\"elementor-container elementor-column-gap-default\">\n\t\t\t\t\t<div class=\"elementor-column elementor-col-100 elementor-top-column elementor-element elementor-element-7a97598\" data-id=\"7a97598\" data-element_type=\"column\">\n\t\t\t<div class=\"elementor-widget-wrap elementor-element-populated\">\n\t\t\t\t\t\t\t\t<div class=\"elementor-element elementor-element-3422b2d elementor-align-justify elementor-widget elementor-widget-button\" data-id=\"3422b2d\" data-element_type=\"widget\" data-widget_type=\"button.default\">\n\t\t\t\t<div class=\"elementor-widget-container\">\n\t\t\t\t\t<div class=\"elementor-button-wrapper\">\n\t\t\t<a class=\"elementor-button elementor-button-link elementor-size-sm\" href=\"https:\/\/www.berlin.de\/ba-treptow-koepenick\/politik-und-verwaltung\/aemter\/amt-fuer-soziales\/kiezklubs\/kiezklub-rahnsdorf\/artikel.759355.php#veranstaltungen\">\n\t\t\t\t\t\t<span class=\"elementor-button-content-wrapper\">\n\t\t\t\t\t\t<span class=\"elementor-button-text\">Programm<\/span>\n\t\t<\/span>\n\t\t\t\t\t<\/a>\n\t\t<\/div>\n\t\t\t\t<\/div>\n\t\t\t\t<\/div>\n\t\t\t\t\t<\/div>\n\t\t<\/div>\n\t\t\t\t\t\t\t<\/div>\n\t\t<\/section>\n\t\t\t\t<section class=\"elementor-section elementor-top-section elementor-element elementor-element-2c62d02 elementor-section-boxed elementor-section-height-default elementor-section-height-default\" data-id=\"2c62d02\" data-element_type=\"section\">\n\t\t\t\t\t\t<div class=\"elementor-container elementor-column-gap-default\">\n\t\t\t\t\t<div class=\"elementor-column elementor-col-100 elementor-top-column elementor-element elementor-element-682f2a5\" data-id=\"682f2a5\" data-element_type=\"column\">\n\t\t\t<div class=\"elementor-widget-wrap elementor-element-populated\">\n\t\t\t\t\t\t\t\t<div class=\"elementor-element elementor-element-33ca6c8 elementor-widget__width-initial elementor-widget elementor-widget-text-editor\" data-id=\"33ca6c8\" data-element_type=\"widget\" data-widget_type=\"text-editor.default\">\n\t\t\t\t<div class=\"elementor-widget-container\">\n\t\t\t\t\t\t\t<h2>\u00a0<\/h2><h2>!!\u00a0 VERSCHOBEN auf 5. Juni 2026 !!\u00a0<\/h2><h2>Marco Tschirpke<\/h2><h2>Dichten bis ich Dresche kriege, Lapsuslieder und verdichtete Komik<\/h2>\t\t\t\t\t\t<\/div>\n\t\t\t\t<\/div>\n\t\t\t\t\t<\/div>\n\t\t<\/div>\n\t\t\t\t\t\t\t<\/div>\n\t\t<\/section>\n\t\t\t\t<section class=\"elementor-section elementor-top-section elementor-element elementor-element-1914846 elementor-section-boxed elementor-section-height-default elementor-section-height-default\" data-id=\"1914846\" data-element_type=\"section\">\n\t\t\t\t\t\t<div class=\"elementor-container elementor-column-gap-default\">\n\t\t\t\t\t<div class=\"elementor-column elementor-col-100 elementor-top-column elementor-element elementor-element-2087cc1\" data-id=\"2087cc1\" data-element_type=\"column\">\n\t\t\t<div class=\"elementor-widget-wrap\">\n\t\t\t\t\t\t\t\t\t<\/div>\n\t\t<\/div>\n\t\t\t\t\t\t\t<\/div>\n\t\t<\/section>\n\t\t\t\t<section class=\"elementor-section elementor-top-section elementor-element elementor-element-21157b4 elementor-section-boxed elementor-section-height-default elementor-section-height-default\" data-id=\"21157b4\" data-element_type=\"section\">\n\t\t\t\t\t\t<div class=\"elementor-container elementor-column-gap-default\">\n\t\t\t\t\t<div class=\"elementor-column elementor-col-50 elementor-top-column elementor-element elementor-element-f4477ce\" data-id=\"f4477ce\" data-element_type=\"column\">\n\t\t\t<div class=\"elementor-widget-wrap elementor-element-populated\">\n\t\t\t\t\t\t\t\t<div class=\"elementor-element elementor-element-133f6da elementor-widget elementor-widget-image\" data-id=\"133f6da\" data-element_type=\"widget\" data-widget_type=\"image.default\">\n\t\t\t\t<div class=\"elementor-widget-container\">\n\t\t\t\t\t\t\t\t\t\t\t\t\t\t\t<img loading=\"lazy\" decoding=\"async\" width=\"1024\" height=\"576\" src=\"https:\/\/www.kiezklub-rahnsdorf-ev.de\/wp-content\/uploads\/2025\/12\/MarcoTschirpe-1024x576.jpg\" class=\"attachment-large size-large wp-image-1357\" alt=\"\" srcset=\"https:\/\/www.kiezklub-rahnsdorf-ev.de\/wp-content\/uploads\/2025\/12\/MarcoTschirpe-1024x576.jpg 1024w, https:\/\/www.kiezklub-rahnsdorf-ev.de\/wp-content\/uploads\/2025\/12\/MarcoTschirpe-300x169.jpg 300w, https:\/\/www.kiezklub-rahnsdorf-ev.de\/wp-content\/uploads\/2025\/12\/MarcoTschirpe-768x432.jpg 768w, https:\/\/www.kiezklub-rahnsdorf-ev.de\/wp-content\/uploads\/2025\/12\/MarcoTschirpe-800x450.jpg 800w, https:\/\/www.kiezklub-rahnsdorf-ev.de\/wp-content\/uploads\/2025\/12\/MarcoTschirpe.jpg 1200w\" sizes=\"auto, (max-width: 1024px) 100vw, 1024px\" \/>\t\t\t\t\t\t\t\t\t\t\t\t\t\t\t<\/div>\n\t\t\t\t<\/div>\n\t\t\t\t\t<\/div>\n\t\t<\/div>\n\t\t\t\t<div class=\"elementor-column elementor-col-50 elementor-top-column elementor-element elementor-element-e21ce25\" data-id=\"e21ce25\" data-element_type=\"column\">\n\t\t\t<div class=\"elementor-widget-wrap elementor-element-populated\">\n\t\t\t\t\t\t\t\t<div class=\"elementor-element elementor-element-1d50d3b elementor-widget elementor-widget-text-editor\" data-id=\"1d50d3b\" data-element_type=\"widget\" data-widget_type=\"text-editor.default\">\n\t\t\t\t<div class=\"elementor-widget-container\">\n\t\t\t\t\t\t\t<h3>Marco Tschirpke findet seine Pointen in Gegenwart und Geschichte. Was er aus vergangenen Epochen ans Tageslicht zieht, erhellt manchen Aspekt der Jetztzeit. Er stellt infrage, was andere voraussetzen. Und sp\u00fcrt mit seinen Kurzliedern und manchmal gar rauflustigen Reimen das Allgemeine im Besonderen auf. Historische Personen und lebende Artgenossen kommen da ebenso vor wie Schiffsverkehr und Raumfahrt.<\/h3>\t\t\t\t\t\t<\/div>\n\t\t\t\t<\/div>\n\t\t\t\t\t<\/div>\n\t\t<\/div>\n\t\t\t\t\t\t\t<\/div>\n\t\t<\/section>\n\t\t\t\t\t\t\t<\/div>\n\t\t","protected":false},"excerpt":{"rendered":"<p>Freitag, 10.4.2026 um 18.00 Uhr Lob der Kartoffel\u00a0 \u00a0&#8222;Der Gipfel meines Entz\u00fcckens&#8220; Literarisch-Musikalische Veranstaltung mit Antje Schneider, Maria Stoll und Simon Weinert \u00fcber Geschichte, Gedichte und Geschichten rund um die braune Knolle mit passender Klaviermusik und Texten von Busch \u00fcber Neruda bis Ringelnatz. Eintritt 7 Euro eine Veranstaltung des F\u00f6rdervereins KIEZKLUB Rahnsdorf e.V. \u00a0 Hier [&hellip;]<\/p>\n","protected":false},"author":1,"featured_media":0,"parent":0,"menu_order":0,"comment_status":"closed","ping_status":"closed","template":"","meta":{"footnotes":""},"class_list":["post-12","page","type-page","status-publish","hentry","entry"],"_links":{"self":[{"href":"https:\/\/www.kiezklub-rahnsdorf-ev.de\/index.php?rest_route=\/wp\/v2\/pages\/12","targetHints":{"allow":["GET"]}}],"collection":[{"href":"https:\/\/www.kiezklub-rahnsdorf-ev.de\/index.php?rest_route=\/wp\/v2\/pages"}],"about":[{"href":"https:\/\/www.kiezklub-rahnsdorf-ev.de\/index.php?rest_route=\/wp\/v2\/types\/page"}],"author":[{"embeddable":true,"href":"https:\/\/www.kiezklub-rahnsdorf-ev.de\/index.php?rest_route=\/wp\/v2\/users\/1"}],"replies":[{"embeddable":true,"href":"https:\/\/www.kiezklub-rahnsdorf-ev.de\/index.php?rest_route=%2Fwp%2Fv2%2Fcomments&post=12"}],"version-history":[{"count":390,"href":"https:\/\/www.kiezklub-rahnsdorf-ev.de\/index.php?rest_route=\/wp\/v2\/pages\/12\/revisions"}],"predecessor-version":[{"id":1416,"href":"https:\/\/www.kiezklub-rahnsdorf-ev.de\/index.php?rest_route=\/wp\/v2\/pages\/12\/revisions\/1416"}],"wp:attachment":[{"href":"https:\/\/www.kiezklub-rahnsdorf-ev.de\/index.php?rest_route=%2Fwp%2Fv2%2Fmedia&parent=12"}],"curies":[{"name":"wp","href":"https:\/\/api.w.org\/{rel}","templated":true}]}}