{"id":14,"date":"2019-02-12T12:49:53","date_gmt":"2019-02-12T09:49:53","guid":{"rendered":"http:\/\/www.platon-gruppe.de\/adlershof\/?page_id=14"},"modified":"2022-05-26T16:14:42","modified_gmt":"2022-05-26T13:14:42","slug":"impressum","status":"publish","type":"page","link":"https:\/\/www.kiezklub-rahnsdorf-ev.de\/?page_id=14","title":{"rendered":"Impressum"},"content":{"rendered":"\t\t<div data-elementor-type=\"wp-post\" data-elementor-id=\"14\" class=\"elementor elementor-14\">\n\t\t\t\t\t\t\t\t\t<section class=\"elementor-section elementor-top-section elementor-element elementor-element-cb672b5 elementor-section-boxed elementor-section-height-default elementor-section-height-default\" data-id=\"cb672b5\" data-element_type=\"section\">\n\t\t\t\t\t\t<div class=\"elementor-container elementor-column-gap-default\">\n\t\t\t\t\t<div class=\"elementor-column elementor-col-100 elementor-top-column elementor-element elementor-element-e088e6e\" data-id=\"e088e6e\" data-element_type=\"column\">\n\t\t\t<div class=\"elementor-widget-wrap elementor-element-populated\">\n\t\t\t\t\t\t\t\t<div class=\"elementor-element elementor-element-82e30d5 elementor-widget elementor-widget-text-editor\" data-id=\"82e30d5\" data-element_type=\"widget\" data-widget_type=\"text-editor.default\">\n\t\t\t\t<div class=\"elementor-widget-container\">\n\t\t\t\t\t\t\t<h3>Betreiber dieser Website ist der<\/h3>\n<h3>F\u00f6rderverein Kiezklub Rahnsdorf e.V.<br>F\u00fcrstenwalder Allee 362<br>12589 Berlin<br>Telefon: 030 648 6090<br>E-Mail: info@kiezklub-rahnsdorf-ev.de<br>Internet: www.kiezklub-rahnsdorf-ev.de<\/h3>\n<h3>Der Kiezklub Rahnsdorf e.V. ist ein gemeinn\u00fctziger Verein.<br>Er ist eingetragen im Vereinsregister unter der Nummer 23479B.<\/h3>\n<h3>Der Verein wird vertreten durch die 1. Vorsitzende, Monika Meng,<br>ihr Stellvertreter ist Frank Bernhardt.<\/h3>\n<h3>Der Provider dieser Website ist:&nbsp;https:\/\/schoenegge.io<\/h3>\n<h3>Der Nutzung von im Rahmen der Impressumspflicht ver\u00f6ffentlichten Kontaktdaten zur \u00dcbersendung von nicht ausdr\u00fccklich angeforderten Werbungs- und Informationsmaterialien wird hiermit widersprochen.<br>Der Betreiber und alle auf dieser Webseite genannten Personen widersprechen ebenso jeder kommerziellen Verwendung und Weitergabe ihrer Daten.<br>Sie behalten sich ausdr\u00fccklich rechtliche Schritte im Falle von Zuwiderhandlungen vor.<\/h3>\t\t\t\t\t\t<\/div>\n\t\t\t\t<\/div>\n\t\t\t\t\t<\/div>\n\t\t<\/div>\n\t\t\t\t\t\t\t<\/div>\n\t\t<\/section>\n\t\t\t\t\t\t\t<\/div>\n\t\t","protected":false},"excerpt":{"rendered":"<p>Betreiber dieser Website ist der F\u00f6rderverein Kiezklub Rahnsdorf e.V.F\u00fcrstenwalder Allee 36212589 BerlinTelefon: 030 648 6090E-Mail: info@kiezklub-rahnsdorf-ev.deInternet: www.kiezklub-rahnsdorf-ev.de Der Kiezklub Rahnsdorf e.V. ist ein gemeinn\u00fctziger Verein.Er ist eingetragen im Vereinsregister unter der Nummer 23479B. Der Verein wird vertreten durch die 1. Vorsitzende, Monika Meng,ihr Stellvertreter ist Frank Bernhardt. Der Provider dieser Website ist:&nbsp;https:\/\/schoenegge.io Der Nutzung von [&hellip;]<\/p>\n","protected":false},"author":1,"featured_media":0,"parent":0,"menu_order":0,"comment_status":"closed","ping_status":"closed","template":"","meta":{"footnotes":""},"class_list":["post-14","page","type-page","status-publish","hentry","entry"],"_links":{"self":[{"href":"https:\/\/www.kiezklub-rahnsdorf-ev.de\/index.php?rest_route=\/wp\/v2\/pages\/14","targetHints":{"allow":["GET"]}}],"collection":[{"href":"https:\/\/www.kiezklub-rahnsdorf-ev.de\/index.php?rest_route=\/wp\/v2\/pages"}],"about":[{"href":"https:\/\/www.kiezklub-rahnsdorf-ev.de\/index.php?rest_route=\/wp\/v2\/types\/page"}],"author":[{"embeddable":true,"href":"https:\/\/www.kiezklub-rahnsdorf-ev.de\/index.php?rest_route=\/wp\/v2\/users\/1"}],"replies":[{"embeddable":true,"href":"https:\/\/www.kiezklub-rahnsdorf-ev.de\/index.php?rest_route=%2Fwp%2Fv2%2Fcomments&post=14"}],"version-history":[{"count":13,"href":"https:\/\/www.kiezklub-rahnsdorf-ev.de\/index.php?rest_route=\/wp\/v2\/pages\/14\/revisions"}],"predecessor-version":[{"id":702,"href":"https:\/\/www.kiezklub-rahnsdorf-ev.de\/index.php?rest_route=\/wp\/v2\/pages\/14\/revisions\/702"}],"wp:attachment":[{"href":"https:\/\/www.kiezklub-rahnsdorf-ev.de\/index.php?rest_route=%2Fwp%2Fv2%2Fmedia&parent=14"}],"curies":[{"name":"wp","href":"https:\/\/api.w.org\/{rel}","templated":true}]}}