{"id":8,"date":"2019-02-12T12:47:29","date_gmt":"2019-02-12T09:47:29","guid":{"rendered":"http:\/\/www.platon-gruppe.de\/adlershof\/?page_id=8"},"modified":"2024-03-19T10:53:29","modified_gmt":"2024-03-19T07:53:29","slug":"home","status":"publish","type":"page","link":"https:\/\/www.kiezklub-rahnsdorf-ev.de\/","title":{"rendered":"Home"},"content":{"rendered":"\t\t<div data-elementor-type=\"wp-post\" data-elementor-id=\"8\" class=\"elementor elementor-8\">\n\t\t\t\t\t\t\t\t\t<section class=\"elementor-section elementor-top-section elementor-element elementor-element-3114c65 elementor-section-boxed elementor-section-height-default elementor-section-height-default\" data-id=\"3114c65\" data-element_type=\"section\">\n\t\t\t\t\t\t<div class=\"elementor-container elementor-column-gap-default\">\n\t\t\t\t\t<div class=\"elementor-column elementor-col-100 elementor-top-column elementor-element elementor-element-e4ad3c0\" data-id=\"e4ad3c0\" data-element_type=\"column\">\n\t\t\t<div class=\"elementor-widget-wrap elementor-element-populated\">\n\t\t\t\t\t\t\t\t<div class=\"elementor-element elementor-element-ba18f0d elementor-widget elementor-widget-text-editor\" data-id=\"ba18f0d\" data-element_type=\"widget\" data-widget_type=\"text-editor.default\">\n\t\t\t\t<div class=\"elementor-widget-container\">\n\t\t\t\t\t\t\t<h4>Liebe Besucherinnen und Besucher,<\/h4><h4>wir begr\u00fc\u00dfen Sie auf der Homepage des F\u00f6rdervereins KIEZKLUB Rahnsdorf e.V.<\/h4><h4>Unser F\u00f6rderverein wurde im Jahr 2010 in seiner jetzigen Rechtsform als gemeinn\u00fctziger Verein gegr\u00fcndet. Die Mitglieder des Vorstands und die Vereinsmitglieder arbeiten in enger Abstimmung mit der Leitung des KIEZKLUBs Rahnsdorf zusammen, unterst\u00fctzen deren Vorhaben und bringen eigene Aktivit\u00e4ten gem\u00e4\u00df beschlossener Satzung ein. Rechte und Anliegen der \u00e4lteren Menschen stehen dabei im Vordergrund.<\/h4><h4>Auf den folgenden Seiten k\u00f6nnen Sie sich detailliert \u00fcber uns informieren.<\/h4><h4>Wenn Sie Interesse an der Arbeit des F\u00f6rdervereins haben und sich im Kontakt mit Gleichgesinnten f\u00fcr die Menschen in unserem Kiez einsetzen wollen, sind\u00a0Sie herzlich als Mitglied des F\u00f6rdervereins willkommen!<\/h4><h4>Ergreifen Sie die Initiative f\u00fcr Ihre Interessen. Im Verein und im KIEZKLUB erhalten Sie Raum und Unterst\u00fctzung.<\/h4><h4>Helfen Sie mit, den KIEZKLUB Rahnsdorf zu einem noch st\u00e4rkeren Anziehungsort f\u00fcr die Menschen in Rahnsdorf und in den umliegenden Ortschaften zu machen.<\/h4><h4>Erleben Sie die Atmosph\u00e4re von gegenseitiger Akzeptanz und W\u00fcrdigung Ihres Engagements.<\/h4><h4>Wir freuen uns auf Sie!<\/h4><h4>Der Vorstand<\/h4>\t\t\t\t\t\t<\/div>\n\t\t\t\t<\/div>\n\t\t\t\t<div class=\"elementor-element elementor-element-96ee03d elementor-widget elementor-widget-text-editor\" data-id=\"96ee03d\" data-element_type=\"widget\" data-widget_type=\"text-editor.default\">\n\t\t\t\t<div class=\"elementor-widget-container\">\n\t\t\t\t\t\t\t<h4>E-Mail: info@kiezklub-rahnsdorf-ev.de<\/h4>\t\t\t\t\t\t<\/div>\n\t\t\t\t<\/div>\n\t\t\t\t\t<\/div>\n\t\t<\/div>\n\t\t\t\t\t\t\t<\/div>\n\t\t<\/section>\n\t\t\t\t<section class=\"elementor-section elementor-top-section elementor-element elementor-element-86b69a3 elementor-section-boxed elementor-section-height-default elementor-section-height-default\" data-id=\"86b69a3\" data-element_type=\"section\">\n\t\t\t\t\t\t<div class=\"elementor-container elementor-column-gap-default\">\n\t\t\t\t\t<div class=\"elementor-column elementor-col-100 elementor-top-column elementor-element elementor-element-b7158f1\" data-id=\"b7158f1\" data-element_type=\"column\">\n\t\t\t<div class=\"elementor-widget-wrap elementor-element-populated\">\n\t\t\t\t\t\t\t\t<div class=\"elementor-element elementor-element-6f2ac4b elementor-widget elementor-widget-text-editor\" data-id=\"6f2ac4b\" data-element_type=\"widget\" data-widget_type=\"text-editor.default\">\n\t\t\t\t<div class=\"elementor-widget-container\">\n\t\t\t\t\t\t\t<h4>Anschrift: 12589 Berlin-Hessenwinkel, F\u00fcrstenwalder Alle 362 \/ Ecke Lutherstra\u00dfe&nbsp; &nbsp; &nbsp; &nbsp; &nbsp;<\/h4>\n<h4>Anfahrt:&nbsp; Bus 161, Haltestelle Lutherstrasse<\/h4>\t\t\t\t\t\t<\/div>\n\t\t\t\t<\/div>\n\t\t\t\t<div class=\"elementor-element elementor-element-2668f6e elementor-widget elementor-widget-text-editor\" data-id=\"2668f6e\" data-element_type=\"widget\" data-widget_type=\"text-editor.default\">\n\t\t\t\t<div class=\"elementor-widget-container\">\n\t\t\t\t\t\t\t\t\t\t\t\t\t<\/div>\n\t\t\t\t<\/div>\n\t\t\t\t\t<\/div>\n\t\t<\/div>\n\t\t\t\t\t\t\t<\/div>\n\t\t<\/section>\n\t\t\t\t<section class=\"elementor-section elementor-top-section elementor-element elementor-element-6e3fa36 elementor-section-boxed elementor-section-height-default elementor-section-height-default\" data-id=\"6e3fa36\" data-element_type=\"section\">\n\t\t\t\t\t\t<div class=\"elementor-container elementor-column-gap-default\">\n\t\t\t\t\t<div class=\"elementor-column elementor-col-33 elementor-top-column elementor-element elementor-element-8a05a98\" data-id=\"8a05a98\" data-element_type=\"column\">\n\t\t\t<div class=\"elementor-widget-wrap elementor-element-populated\">\n\t\t\t\t\t\t\t\t<div class=\"elementor-element elementor-element-b663246 elementor-widget elementor-widget-image\" data-id=\"b663246\" data-element_type=\"widget\" data-widget_type=\"image.default\">\n\t\t\t\t<div class=\"elementor-widget-container\">\n\t\t\t\t\t\t\t\t\t\t\t\t\t\t\t<img decoding=\"async\" src=\"https:\/\/www.kiezklub-rahnsdorf-ev.de\/wp-content\/uploads\/2022\/09\/IMG_5458.jpg\" title=\"IMG_5458\" alt=\"IMG_5458\" loading=\"lazy\" \/>\t\t\t\t\t\t\t\t\t\t\t\t\t\t\t<\/div>\n\t\t\t\t<\/div>\n\t\t\t\t\t<\/div>\n\t\t<\/div>\n\t\t\t\t<div class=\"elementor-column elementor-col-33 elementor-top-column elementor-element elementor-element-0170c07\" data-id=\"0170c07\" data-element_type=\"column\">\n\t\t\t<div class=\"elementor-widget-wrap elementor-element-populated\">\n\t\t\t\t\t\t\t\t<div class=\"elementor-element elementor-element-bdc7199 elementor-widget elementor-widget-image\" data-id=\"bdc7199\" data-element_type=\"widget\" data-widget_type=\"image.default\">\n\t\t\t\t<div class=\"elementor-widget-container\">\n\t\t\t\t\t\t\t\t\t\t\t\t\t\t\t<img loading=\"lazy\" decoding=\"async\" width=\"640\" height=\"480\" src=\"https:\/\/www.kiezklub-rahnsdorf-ev.de\/wp-content\/uploads\/2023\/03\/03_IMG_3500-002-rotated.jpg\" class=\"attachment-large size-large wp-image-866\" alt=\"\" srcset=\"https:\/\/www.kiezklub-rahnsdorf-ev.de\/wp-content\/uploads\/2023\/03\/03_IMG_3500-002-rotated.jpg 640w, https:\/\/www.kiezklub-rahnsdorf-ev.de\/wp-content\/uploads\/2023\/03\/03_IMG_3500-002-300x225.jpg 300w\" sizes=\"auto, (max-width: 640px) 100vw, 640px\" \/>\t\t\t\t\t\t\t\t\t\t\t\t\t\t\t<\/div>\n\t\t\t\t<\/div>\n\t\t\t\t\t<\/div>\n\t\t<\/div>\n\t\t\t\t<div class=\"elementor-column elementor-col-33 elementor-top-column elementor-element elementor-element-df3d9ea\" data-id=\"df3d9ea\" data-element_type=\"column\">\n\t\t\t<div class=\"elementor-widget-wrap elementor-element-populated\">\n\t\t\t\t\t\t\t\t<div class=\"elementor-element elementor-element-2a6348f elementor-widget elementor-widget-image\" data-id=\"2a6348f\" data-element_type=\"widget\" data-widget_type=\"image.default\">\n\t\t\t\t<div class=\"elementor-widget-container\">\n\t\t\t\t\t\t\t\t\t\t\t\t\t\t\t<img loading=\"lazy\" decoding=\"async\" width=\"1024\" height=\"728\" src=\"https:\/\/www.kiezklub-rahnsdorf-ev.de\/wp-content\/uploads\/2022\/06\/IMG_5194-1024x728.jpg\" class=\"attachment-large size-large wp-image-727\" alt=\"\" srcset=\"https:\/\/www.kiezklub-rahnsdorf-ev.de\/wp-content\/uploads\/2022\/06\/IMG_5194-1024x728.jpg 1024w, https:\/\/www.kiezklub-rahnsdorf-ev.de\/wp-content\/uploads\/2022\/06\/IMG_5194-300x213.jpg 300w, https:\/\/www.kiezklub-rahnsdorf-ev.de\/wp-content\/uploads\/2022\/06\/IMG_5194-768x546.jpg 768w, https:\/\/www.kiezklub-rahnsdorf-ev.de\/wp-content\/uploads\/2022\/06\/IMG_5194.jpg 1534w\" sizes=\"auto, (max-width: 1024px) 100vw, 1024px\" \/>\t\t\t\t\t\t\t\t\t\t\t\t\t\t\t<\/div>\n\t\t\t\t<\/div>\n\t\t\t\t\t<\/div>\n\t\t<\/div>\n\t\t\t\t\t\t\t<\/div>\n\t\t<\/section>\n\t\t\t\t\t\t\t<\/div>\n\t\t","protected":false},"excerpt":{"rendered":"<p>Liebe Besucherinnen und Besucher, wir begr\u00fc\u00dfen Sie auf der Homepage des F\u00f6rdervereins KIEZKLUB Rahnsdorf e.V. Unser F\u00f6rderverein wurde im Jahr 2010 in seiner jetzigen Rechtsform als gemeinn\u00fctziger Verein gegr\u00fcndet. Die Mitglieder des Vorstands und die Vereinsmitglieder arbeiten in enger Abstimmung mit der Leitung des KIEZKLUBs Rahnsdorf zusammen, unterst\u00fctzen deren Vorhaben und bringen eigene Aktivit\u00e4ten gem\u00e4\u00df [&hellip;]<\/p>\n","protected":false},"author":1,"featured_media":0,"parent":0,"menu_order":0,"comment_status":"closed","ping_status":"closed","template":"","meta":{"footnotes":""},"class_list":["post-8","page","type-page","status-publish","hentry","entry"],"_links":{"self":[{"href":"https:\/\/www.kiezklub-rahnsdorf-ev.de\/index.php?rest_route=\/wp\/v2\/pages\/8","targetHints":{"allow":["GET"]}}],"collection":[{"href":"https:\/\/www.kiezklub-rahnsdorf-ev.de\/index.php?rest_route=\/wp\/v2\/pages"}],"about":[{"href":"https:\/\/www.kiezklub-rahnsdorf-ev.de\/index.php?rest_route=\/wp\/v2\/types\/page"}],"author":[{"embeddable":true,"href":"https:\/\/www.kiezklub-rahnsdorf-ev.de\/index.php?rest_route=\/wp\/v2\/users\/1"}],"replies":[{"embeddable":true,"href":"https:\/\/www.kiezklub-rahnsdorf-ev.de\/index.php?rest_route=%2Fwp%2Fv2%2Fcomments&post=8"}],"version-history":[{"count":125,"href":"https:\/\/www.kiezklub-rahnsdorf-ev.de\/index.php?rest_route=\/wp\/v2\/pages\/8\/revisions"}],"predecessor-version":[{"id":1038,"href":"https:\/\/www.kiezklub-rahnsdorf-ev.de\/index.php?rest_route=\/wp\/v2\/pages\/8\/revisions\/1038"}],"wp:attachment":[{"href":"https:\/\/www.kiezklub-rahnsdorf-ev.de\/index.php?rest_route=%2Fwp%2Fv2%2Fmedia&parent=8"}],"curies":[{"name":"wp","href":"https:\/\/api.w.org\/{rel}","templated":true}]}}